{"id":518,"date":"2017-09-03T17:42:31","date_gmt":"2017-09-03T16:42:31","guid":{"rendered":"http:\/\/www.coherens.com\/?page_id=518"},"modified":"2020-04-17T10:35:35","modified_gmt":"2020-04-17T09:35:35","slug":"cycle-agilite-decisionnelle","status":"publish","type":"page","link":"https:\/\/www.coherens.com\/index.php\/neurosciences\/cycle-agilite-decisionnelle\/","title":{"rendered":"Cycle : agilit\u00e9 d\u00e9cisionnelle avec les neurosciences"},"content":{"rendered":"<div class=\"vc_row wpb_row vc_row-fluid dt-default\">\n<div class=\"wpb_column vc_column_container vc_col-sm-12\">\n<div class=\"vc_column-inner \">\n<div class=\"wpb_wrapper\">\n<div class=\"wpb_text_column wpb_content_element \">\n<div class=\"wpb_wrapper\">\n<p>Lors des premiers ateliers consacr\u00e9s \u00e0 l&rsquo;agilit\u00e9 d\u00e9cisionnelle, Bernadette Lecerf-Thomas \u00e9crivait :<\/p>\n<p>Des mutations en cours, des connaissances innovantes invitent \u00e0 un futur diff\u00e9rent. R\u00e9nover nos repr\u00e9sentations du \u00ab\u00a0cerveau\u00a0\u00bb et en tirer les cons\u00e9quences permet de prendre des d\u00e9cisions autrement, telle est la proposition des neurosciences et des sciences cognitives.<\/p>\n<p>Gagner en agilit\u00e9 d\u00e9cisionnelle est un pr\u00e9alable \u00e0 l\u2019\u00e9laboration de strat\u00e9gies disruptives. L\u2019exc\u00e8s de confiance dont nous cr\u00e9ditons nos processus mentaux est aujourd\u2019hui d\u00e9montr\u00e9 (salu\u00e9 par deux prix Nobel, un d\u2019\u00e9conomie, un de psychologie). Dans un contexte de mutation, l\u2019ignorance de notre ignorance sur les fonctionnements cognitifs, \u00e9motionnels et mim\u00e9tiques n\u2019est plus possible. La compr\u00e9hension des impacts de nos comp\u00e9tences c\u00e9r\u00e9brales sur nos d\u00e9cisions permet de mieux mesurer les c\u00e9cit\u00e9s et les biais qu\u2019elles produisent.<\/p>\n<p>\u00a0<\/p>\n<\/div>\n<\/div>\n<\/div>\n<\/div>\n<\/div>\n<\/div>\n<div>\u00a0<\/div>\n<div class=\"wpb_wrapper\"><strong>L\u2019AGILIT\u00c9 D\u00c9CISIONNELLE<\/strong><\/div>\n<div class=\"vc_row wpb_row vc_row-fluid dt-default\">\n<div class=\"wpb_column vc_column_container vc_col-sm-9\">\n<div class=\"vc_column-inner \">\n<div class=\"wpb_wrapper\">\n<div class=\"wpb_text_column wpb_content_element \">\n<p><strong><em>gr\u00e2ce aux neurosciences<br \/><\/em><\/strong><\/p>\n<p><strong>Un cycle d\u2019ateliers construits par Bernadette LECERF-THOMAS et Brigitte DUBREUCQ<\/strong><\/p>\n<p><em>Nous proposons de r\u00e9capituler des apports qui permettent d\u2019am\u00e9liorer fortement nos modes de d\u00e9cisions et de tirer des enseignements. Ces connaissances viennent des neurosciences, mais \u00e9galement de travaux de nombreux chercheurs en psychologie, management et sociologie. Apr\u00e8s les ann\u00e9es de management focalis\u00e9es sur la qualit\u00e9, la ma\u00eetrise du risque et du contr\u00f4le \u00e9conomique, les d\u00e9cideurs s\u2019engagent dans un nouveau cycle d\u2019innovations manag\u00e9riales au service des nouveaux enjeux\u00a0: l\u2019innovation, le bien-\u00eatre au travail, la transversalit\u00e9 augment\u00e9e, la responsabilit\u00e9 sociale et solidaire, la transparence\u2026 <\/em><\/p>\n<p><em>L\u2019agilit\u00e9 d\u00e9cisionnelle des managers devient une comp\u00e9tence cl\u00e9. Elle ne saurait se d\u00e9velopper sans une augmentation du niveau de conscience des atouts et des limites de la complexit\u00e9 humaine et sans l\u2019acc\u00e8s \u00e0 de nouvelles connaissances sur l\u2019architecture c\u00e9r\u00e9brale et ses processus automatiques.<\/em><\/p>\n<p><em>Ces d\u00e9couvertes imposent de mettre en \u0153uvre de v\u00e9ritables ruptures dans les processus de prise de d\u00e9cision pour ceux qui ambitionnent de cr\u00e9er de nouveaux mod\u00e8les dignes de relever les enjeux actuels.<\/em><\/p>\n<h5><i class=\"fa fa-briefcase fa-lg\"><\/i> <strong>Formation &#8211; L\u2019agilit\u00e9 d\u00e9cisionnelle gr\u00e2ce aux neurosciences &#8211; Cycle de six journ\u00e9es<br \/><\/strong><\/h5>\n<p><span style=\"color: #3366ff;\"><span style=\"color: #000080;\">Public : managers, dirigeants, DRH, Directeurs transformation ou D\u00e9veloppement Organisationnel, acteurs de la transformation des organisations, consultants<\/span> <\/span><\/p>\n<p>La lecture pr\u00e9alable\u00a0 d&rsquo;Activer les talents avec les neurosciences\u00a0\u00bb (Bernadette Lecerf-Thomas &#8211; Pearson &#8211; 2015)\u00a0 facilitera la participation aux \u00e9changes et travaux.<\/p>\n<p><strong><a href=\"http:\/\/www.coherens.com\/wp-content\/uploads\/2019\/09\/Cycle-AgiliteD\u00e9cisionnelle-avec-les-Neurosciences-2019.pdf\" target=\"_blank\" rel=\"noopener noreferrer\">Programme Formation &#8211; Cycle Agilit\u00e9 d\u00e9cisionnelle<\/a><br \/><\/strong><\/p>\n<p><span style=\"color: #000080;\"><strong>Mini 4 participants pour d\u00e9marrer le cycle.<br \/><\/strong><\/span><\/p>\n<p>Le prochain cycle d\u00e9marre le 18 octobre 2019<\/p>\n<ul>\n<li>Neurosciences et d\u00e9cision, planter le d\u00e9cor (18 octobre 2019)<\/li>\n<li>R\u00e9actualiser la m\u00e9moire du futur (29 octobre 2019)<\/li>\n<li>L\u2019ouverture perceptive (8 novembre 2019)<\/li>\n<li>Le syst\u00e8me d&rsquo;\u00e9valuation et la conscience des \u00e9motions (15 novembre 2019)<\/li>\n<li>Les mouvements de l\u2019attention (29 novembre 2019)<\/li>\n<li>D\u00e9cider en toute conscience et agilit\u00e9 d\u00e9cisionnelle (6 d\u00e9cembre 2019)<\/li>\n<\/ul>\n<p><strong>Tarif cycle <\/strong>(6 journ\u00e9es et deux RV personnalis\u00e9s Web pour faciliter la mise en pratique) <br \/>3000 \u20ac HT (tarif entreprise) &#8211; 2 400 \u20ac HT (tarif ind\u00e9pendant)<\/p>\n<p>Possibilit\u00e9 de suivre une ou deux journ\u00e9es s\u00e9par\u00e9ment (en fonction de la composition du groupe)<br \/>500 \u20acHT par journ\u00e9e (tarif entreprise) et 400 \u20ac HT par journ\u00e9e (tarif ind\u00e9pendant)<\/p>\n<h5><strong>Conf\u00e9rence\/atelier pour dirigeants sur demande<br \/><\/strong><\/h5>\n<p>Format entre 1h30 et 3h00<\/p>\n<h5><a href=\"http:\/\/www.neurosystemique.org\">Pour aller plus loin sur les neurosciences appliqu\u00e9es au management et la NeuroSyst\u00e9mique, c&rsquo;est ici<\/a><\/h5>\n<\/div>\n<\/div>\n<\/div>\n<\/div>\n<\/div>\n\n\n<p><\/p>\n","protected":false},"excerpt":{"rendered":"<p>Lors des premiers ateliers consacr\u00e9s \u00e0 l&rsquo;agilit\u00e9 d\u00e9cisionnelle, Bernadette Lecerf-Thomas \u00e9crivait : Des mutations en cours, des connaissances innovantes invitent \u00e0 un futur diff\u00e9rent. R\u00e9nover nos repr\u00e9sentations du \u00ab\u00a0cerveau\u00a0\u00bb et en tirer les cons\u00e9quences permet de prendre des d\u00e9cisions autrement, telle est la proposition des neurosciences et des sciences cognitives. Gagner en agilit\u00e9 d\u00e9cisionnelle est &hellip; <\/p>\n<p><a class=\"more-link btn\" href=\"https:\/\/www.coherens.com\/index.php\/neurosciences\/cycle-agilite-decisionnelle\/\">Lire la suite<\/a><\/p>\n","protected":false},"author":1,"featured_media":0,"parent":52,"menu_order":0,"comment_status":"closed","ping_status":"closed","template":"","meta":{"footnotes":""},"class_list":["post-518","page","type-page","status-publish","hentry","nodate","item-wrap"],"yoast_head":"<!-- This site is optimized with the Yoast SEO plugin v14.9 - https:\/\/yoast.com\/wordpress\/plugins\/seo\/ -->\n<title>Cycle : agilit\u00e9 d\u00e9cisionnelle avec les neurosciences - COHeRenS<\/title>\n<meta name=\"robots\" content=\"index, follow, max-snippet:-1, max-image-preview:large, max-video-preview:-1\" \/>\n<link rel=\"canonical\" href=\"http:\/\/www.coherens.com\/index.php\/neurosciences\/cycle-agilite-decisionnelle\/\" \/>\n<meta property=\"og:locale\" content=\"fr_FR\" \/>\n<meta property=\"og:type\" content=\"article\" \/>\n<meta property=\"og:title\" content=\"Cycle : agilit\u00e9 d\u00e9cisionnelle avec les neurosciences - COHeRenS\" \/>\n<meta property=\"og:description\" content=\"Lors des premiers ateliers consacr\u00e9s \u00e0 l&rsquo;agilit\u00e9 d\u00e9cisionnelle, Bernadette Lecerf-Thomas \u00e9crivait : Des mutations en cours, des connaissances innovantes invitent \u00e0 un futur diff\u00e9rent. R\u00e9nover nos repr\u00e9sentations du \u00ab\u00a0cerveau\u00a0\u00bb et en tirer les cons\u00e9quences permet de prendre des d\u00e9cisions autrement, telle est la proposition des neurosciences et des sciences cognitives. Gagner en agilit\u00e9 d\u00e9cisionnelle est &hellip; Lire la suite\" \/>\n<meta property=\"og:url\" content=\"http:\/\/www.coherens.com\/index.php\/neurosciences\/cycle-agilite-decisionnelle\/\" \/>\n<meta property=\"og:site_name\" content=\"COHeRenS\" \/>\n<meta property=\"article:modified_time\" content=\"2020-04-17T09:35:35+00:00\" \/>\n<meta name=\"twitter:card\" content=\"summary\" \/>\n<meta name=\"twitter:creator\" content=\"@bdubreucq\" \/>\n<meta name=\"twitter:site\" content=\"@bdubreucq\" \/>\n<script type=\"application\/ld+json\" class=\"yoast-schema-graph\">{\"@context\":\"https:\/\/schema.org\",\"@graph\":[{\"@type\":\"WebSite\",\"@id\":\"https:\/\/www.coherens.com\/#website\",\"url\":\"https:\/\/www.coherens.com\/\",\"name\":\"COHeRenS\",\"description\":\"LE POTENTIEL HUMAIN AU COEUR DE VOTRE PERFORMANCE\",\"potentialAction\":[{\"@type\":\"SearchAction\",\"target\":\"https:\/\/www.coherens.com\/?s={search_term_string}\",\"query-input\":\"required name=search_term_string\"}],\"inLanguage\":\"fr-FR\"},{\"@type\":\"WebPage\",\"@id\":\"http:\/\/www.coherens.com\/index.php\/neurosciences\/cycle-agilite-decisionnelle\/#webpage\",\"url\":\"http:\/\/www.coherens.com\/index.php\/neurosciences\/cycle-agilite-decisionnelle\/\",\"name\":\"Cycle : agilit\\u00e9 d\\u00e9cisionnelle avec les neurosciences - COHeRenS\",\"isPartOf\":{\"@id\":\"https:\/\/www.coherens.com\/#website\"},\"datePublished\":\"2017-09-03T16:42:31+00:00\",\"dateModified\":\"2020-04-17T09:35:35+00:00\",\"inLanguage\":\"fr-FR\",\"potentialAction\":[{\"@type\":\"ReadAction\",\"target\":[\"http:\/\/www.coherens.com\/index.php\/neurosciences\/cycle-agilite-decisionnelle\/\"]}]}]}<\/script>\n<!-- \/ Yoast SEO plugin. -->","_links":{"self":[{"href":"https:\/\/www.coherens.com\/index.php\/wp-json\/wp\/v2\/pages\/518"}],"collection":[{"href":"https:\/\/www.coherens.com\/index.php\/wp-json\/wp\/v2\/pages"}],"about":[{"href":"https:\/\/www.coherens.com\/index.php\/wp-json\/wp\/v2\/types\/page"}],"author":[{"embeddable":true,"href":"https:\/\/www.coherens.com\/index.php\/wp-json\/wp\/v2\/users\/1"}],"replies":[{"embeddable":true,"href":"https:\/\/www.coherens.com\/index.php\/wp-json\/wp\/v2\/comments?post=518"}],"version-history":[{"count":14,"href":"https:\/\/www.coherens.com\/index.php\/wp-json\/wp\/v2\/pages\/518\/revisions"}],"predecessor-version":[{"id":959,"href":"https:\/\/www.coherens.com\/index.php\/wp-json\/wp\/v2\/pages\/518\/revisions\/959"}],"up":[{"embeddable":true,"href":"https:\/\/www.coherens.com\/index.php\/wp-json\/wp\/v2\/pages\/52"}],"wp:attachment":[{"href":"https:\/\/www.coherens.com\/index.php\/wp-json\/wp\/v2\/media?parent=518"}],"curies":[{"name":"wp","href":"https:\/\/api.w.org\/{rel}","templated":true}]}}