{"id":131,"date":"2016-04-12T20:15:47","date_gmt":"2016-04-12T19:15:47","guid":{"rendered":"http:\/\/www.coherens.com\/site\/?page_id=131"},"modified":"2017-06-26T19:58:11","modified_gmt":"2017-06-26T18:58:11","slug":"publications","status":"publish","type":"page","link":"https:\/\/www.coherens.com\/index.php\/publications\/","title":{"rendered":"Publications"},"content":{"rendered":"<h2><\/h2>\n<div class=\"entry-content\">\n<p>Fruit d\u2019une aventure collective dont que j&rsquo;ai coordonn\u00e9e, <strong>\u00ab\u00a0L\u2019entreprise inspir\u00e9e par les valeurs\u00a0\u00bb <\/strong>est la traduction francophone et enrichie du livre de Richard Barrett <strong>\u00ab\u00a0The values-driven organization\u00a0\u00bb<\/strong>. Richard Barrett et le Barrett Values Centre se consacrent depuis 20 ans \u00e0 la mesure de la culture de travail et des valeurs qui inspirent les organisations et leurs leaders.<\/p>\n<p>Au plaisir de\u00a0partager avec vous notre passion pour cette approche des transformations culturelles, organisationnelles et personnelles inspir\u00e9es par les valeurs.<\/p>\n<p><img loading=\"lazy\" decoding=\"async\" class=\" wp-image-46 alignnone\" src=\"http:\/\/entrepriseinspireeparlesvaleurs.com\/wp-content\/uploads\/2017\/03\/titre-entreprise-inspiree-par-les-valeurs-2-1-300x206.png\" sizes=\"(max-width: 357px) 100vw, 357px\" srcset=\"http:\/\/entrepriseinspireeparlesvaleurs.com\/wp-content\/uploads\/2017\/03\/titre-entreprise-inspiree-par-les-valeurs-2-1-300x206.png 300w, http:\/\/entrepriseinspireeparlesvaleurs.com\/wp-content\/uploads\/2017\/03\/titre-entreprise-inspiree-par-les-valeurs-2-1-768x527.png 768w, http:\/\/entrepriseinspireeparlesvaleurs.com\/wp-content\/uploads\/2017\/03\/titre-entreprise-inspiree-par-les-valeurs-2-1.png 808w\" alt=\"\" width=\"357\" height=\"245\" \/><\/p>\n<h3><span style=\"color: #008000;\"><strong>Rendre explicite l\u2019implicite<\/strong><\/span><\/h3>\n<h5><span style=\"color: #008000;\"><em>MESURER, COMPRENDRE, CO-CONSTRUIRE LA CULTURE DE L\u2019ORGANISATION POUR ENGAGER ET PILOTER LES TRANSFORMATIONS QUI S\u2019INSCRIVENT DANS LA DUR\u00c9E.<\/em><\/span><\/h5>\n<p>Gr\u00e2ce \u00e0 de nombreuses nouvelles recherches et de multiples sources, Richard Barrett a \u00e9crit un livre fascinant qui explique pourquoi les entreprises inspir\u00e9es par les valeurs sont les plus performantes dans le monde. Pour lui, la cl\u00e9 pour cr\u00e9er une entreprise hautement performante r\u00e9side dans la compr\u00e9hension des besoins des salari\u00e9s, ce \u00e0 quoi ils accordent de la valeur. Lorsque vous prenez en compte leurs\u00a0besoins, les salari\u00e9s r\u00e9pondent avec des niveaux d\u2019engagement \u00e9lev\u00e9s, ils ont envie de mettre leur \u00e9nergie et leur cr\u00e9ativit\u00e9 au service de\u00a0leur travail.<br \/>\nCe livre rassemble et compl\u00e8te en un seul volume deux des livres pr\u00e9c\u00e9dents de Richard Barrett : <em>Lib\u00e9rer l\u2019\u00e2me de l\u2019entreprise et Building a Values-Driven Organization.<\/em><\/p>\n<p>Il constitue un manuel de r\u00e9f\u00e9rence pour les leaders et agents du changement qui\u00a0souhaitent cr\u00e9er une entreprise inspir\u00e9e par les valeurs. Il propose une approche du\u00a0leadership et un langage pour la transformation et le changement de culture des organisations avec des concepts tels que l\u2019entropie culturelle, l\u2019alignement des valeurs et le changement du syst\u00e8me dans sa globalit\u00e9.<\/p>\n<p>Gr\u00e2ce aux diff\u00e9rents outils de diagnostic culturel propos\u00e9s et mis \u00e0 jour et \u00e0 une panoplie de nouvelles \u00e9tudes de cas passionnantes sur le d\u00e9veloppement de la culture et du leadership, <em>L\u2019entreprise inspir\u00e9e par les valeurs <\/em>constitue un apport essentiel pour les \u00e9tudiants, les chercheurs et les acteurs des domaines de la trans\u00adformation des organisations, du leadership et de l\u2019\u00e9thique.<\/p>\n<p><em><strong>Richard Barrett\u00a0<\/strong>est auteur, conf\u00e9rencier et leader internationalement r\u00e9put\u00e9 dans le domaine de l\u2019\u00e9volution, inspir\u00e9e par les valeurs, de l\u2019entreprise et de la soci\u00e9t\u00e9. Il a une douzaine d\u2019ouvrages \u00e0 son actif. Il est le fondateur et Pr\u00e9sident du Barrett Values Centres. Il est \u00e9galement intervenu dans le programme de leadership \u00ab Consulting and Coaching for Change \u00bb propos\u00e9 par HEC Paris et l\u2019Universit\u00e9 d\u2019Oxford et a particip\u00e9 en tant que Professeur adjoint \u00e0 l\u2019Institute for Values-based Leadership, Royal Roads University (Canada).<\/em><\/p>\n<p><a href=\"http:\/\/www.deboecksuperieur.com\/ouvrage\/9782807305786-lentreprise-inspiree-par-les-valeurs\">http:\/\/www.deboecksuperieur.com\/ouvrage\/9782807305786-lentreprise-inspiree-par-les-valeurs<\/a><\/p>\n<p>&nbsp;<\/p>\n<\/div>\n<h2>IFA &#8211; Institut Fran\u00e7ais des Administrateurs<\/h2>\n<p><strong><a href=\"http:\/\/www.ifa-asso.com\/informer\/centre-de-ressources\/travaux-de-l-ifa\/gouvernance-ressources-humaines-et-performance.html\">Gouvernance, Ressources Humaines et Performance<\/a><br \/>\nGroupe de travail<\/strong><\/p>\n<p>Pr\u00e9sident : Jean-Paul Bailly<br \/>\nRapporteur : Brigitte Dubreucq<\/p>\n<h2>EFFECTIF \u2013 Ordre CRHA \u2013 QUEBEC<\/h2>\n<p><strong>LES VALEURS PARTAGEES<br \/>\nUn puissant levier pour d\u00e9ployer une transformation culturelle.<br \/>\n<\/strong><a href=\"http:\/\/www.portailrh.org\/effectif\/\" target=\"_blank\" rel=\"noopener noreferrer\"><em>Publication dans le N\u00b0 Septembre-Octobre 2015 de la revue EFFECTIF \u2013 Ordre CRHA du Qu\u00e9bec.<\/em>\u00a0<\/a><\/p>\n<p>Tranformation culturelle\u2026 un sujet tr\u00e8s actuel, en lien avec les \u00e9volutions strat\u00e9giques indispensables dans un monde qui change \u00e0 grande vitesse. Pourquoi cette transformation est-elle si importante ? Quelles sont les conditions de r\u00e9ussite ? Comment s\u2019appuyer sur l\u2019\u00e9nergie port\u00e9e par les salari\u00e9s pour r\u00e9ussir ?<\/p>\n<p><a href=\"http:\/\/www.portailrh.org\/effectif\/\" target=\"_blank\" rel=\"noopener noreferrer\">Retrouvez l\u2019ensemble de l\u2019article dans la revue Effectif.<\/a><\/p>\n<h2><strong>ANDRH<\/strong><\/h2>\n<p><a title=\"HEC Mod\u00e9liser l'excellence\" href=\"http:\/\/brigittedubreucq.com\/blog\/wp-content\/uploads\/2013\/03\/ANDRH-IdF-2013-01-Modeliser-lExcellence.pdf\" target=\"_blank\" rel=\"noopener noreferrer\">ANDRH IdF 2013-01 Conf\u00e9rence HEC Mod\u00e9liser l\u2019excellence<\/a><\/p>\n<p><a title=\"Le Why Caf\u00e9\" href=\"http:\/\/brigittedubreucq.com\/blog\/wp-content\/uploads\/2013\/03\/ANDRH-IdF-2012-10-Le-Why-Caf%C3%A9.pdf\" target=\"_blank\" rel=\"noopener noreferrer\">ANDRH IdF 2012-10 Le Why Caf\u00e9<\/a><\/p>\n<p><a href=\"http:\/\/brigittedubreucq.com\/blog\/wp-content\/uploads\/2012\/05\/ANDRH-IdF-2012-04-Conf%C3%A9rence-HEC-Coaching-ou-Conseil.pdf\" target=\"_blank\" rel=\"noopener noreferrer\">ANDRH IdF 2012-04 Conf\u00e9rence HEC Coaching ou Conseil ?<\/a><\/p>\n<p><a href=\"http:\/\/brigittedubreucq.com\/blog\/wp-content\/uploads\/2012\/05\/ANDRH-IdF-2012-04-Coaching-Bref.pdf\" target=\"_blank\" rel=\"noopener noreferrer\">ANDRH IdF\u00a0 2012-04 Le Coaching Bref<\/a><\/p>\n<p><a title=\"RPS, sant\u00e9, S\u00e9curit\u00e9 et Management\" href=\"http:\/\/brigittedubreucq.com\/blog\/wp-content\/uploads\/2012\/05\/ANDRH-IdF-2012-03-Risques-Psycho-sociaux-Sante-et-Securite-au-travail-une-perspective-manageriale.pdf\" target=\"_blank\" rel=\"noopener noreferrer\">ANDRH IdF 2012-03 Risques Psycho-Sociaux Sant\u00e9 et S\u00e9curit\u00e9 : une perspective manag\u00e9riale<\/a><\/p>\n<p><a href=\"http:\/\/brigittedubreucq.com\/blog\/wp-content\/uploads\/2012\/02\/ANDRH-IdF-2012-02-Le-Manager-Humaniste.pdf\" target=\"_blank\" rel=\"noopener noreferrer\">ANDRH IdF 2012 02 Le Manager Humaniste<\/a><\/p>\n<p><a href=\"http:\/\/brigittedubreucq.com\/blog\/wp-content\/uploads\/2012\/02\/ANDRH-IdF-2012-01-Enquete-BCG-Diffusion.pdf\" target=\"_blank\" rel=\"noopener noreferrer\">ANDRH IdF 2012-01 Enquete BCG Diffusion<\/a><\/p>\n<p><a title=\"R\u00e9mi Tremblay\" href=\"http:\/\/brigittedubreucq.com\/blog\/wp-content\/uploads\/2013\/03\/ANDRH-IdF-2011-10-Remi-Tremblay.pdf\" target=\"_blank\" rel=\"noopener noreferrer\">ANDRH \u2013 IDF 2011-10 J\u2019ai perdu ma montre au fond du lac (R\u00e9my Tremblay)<\/a><\/p>\n<p><a href=\"http:\/\/brigittedubreucq.com\/blog\/wp-content\/uploads\/2012\/03\/ANDRH-IdF-2011-10-Femmes-dans-les-COMEX-et-CA-Diffus%C3%A9.pdf\" target=\"_blank\" rel=\"noopener noreferrer\">ANDRH IdF 2011-10 Femmes dans les COMEX et CA Diffus\u00e9<\/a><\/p>\n<p><a href=\"http:\/\/brigittedubreucq.com\/blog\/wp-content\/uploads\/2012\/02\/ANDRH-IdF-2011-09-et-10-Congres-RH-Quebec.pdf\">ANDRH IdF 2011-09 et 10 Congres RH Quebec<\/a><\/p>\n<p><a href=\"http:\/\/brigittedubreucq.com\/blog\/wp-content\/uploads\/2012\/06\/ANDRH-IdF-Entreprise-en-Sant%C3%A9-2011-04.pdf\" target=\"_blank\" rel=\"noopener noreferrer\">ANDRH IdF 2011-04 Entreprise en Sant\u00e9<\/a><\/p>\n<h2><strong>HEC \u2013 Hommes et Commerce<\/strong><\/h2>\n<p><a href=\"http:\/\/H&amp;C-356 Sages d\u00e9cisions -S\u00e9bastien Henry.pdf\">H&amp;C356 Sages d\u00e9cisions S\u00e9bastien Henry<\/a><\/p>\n<p><a title=\"Petits deuils en entreprise\" href=\"http:\/\/brigittedubreucq.com\/blog\/wp-content\/uploads\/2012\/07\/HEC-MRH-2012-05-Petits-deuils-en-entreprise.pdf\" target=\"_blank\" rel=\"noopener noreferrer\">H&amp;C349 2012-07 Petits deuils en entreprise JA Malarewicz<\/a><\/p>\n<p><a title=\"Parier sur la Confiance\" href=\"http:\/\/brigittedubreucq.com\/blog\/wp-content\/uploads\/2013\/03\/HC348-2012-04-Parier-sur-la-confiance.pdf\" target=\"_blank\" rel=\"noopener noreferrer\">HEC348 2012-05 Le manager Humaniste Philippe Masson<\/a><\/p>\n<p><a href=\"http:\/\/brigittedubreucq.com\/blog\/wp-content\/uploads\/2012\/02\/HC344-2011-09-Positionnement-et-r%C3%A9seau-Mounier-Kuhn.pdf\">H&amp;C344 2011-09 Positionnement et r\u00e9seau Mounier-Kuhn<\/a><\/p>\n<p><a href=\"http:\/\/brigittedubreucq.com\/blog\/wp-content\/uploads\/2012\/02\/HC342-2011-05-Performance-et-Optimisme-Philippe-Gabilliet.pdf\">H&amp;C342 2011-05 Performance et Optimisme PhGabilliet<\/a><\/p>\n<p><a href=\"http:\/\/brigittedubreucq.com\/blog\/wp-content\/uploads\/2012\/02\/HC340-2010-12-Comportements-International-Goulvestre.pdf\">H&amp;C340 2010-12 Comportements International Goulvestre<\/a><\/p>\n<p><a href=\"http:\/\/brigittedubreucq.com\/blog\/wp-content\/uploads\/2012\/02\/HC336-2010-04-Handicap-et-Emploi.pdf\">H&amp;C336 2010-04 Handicap et Emploi<\/a><\/p>\n<p><a href=\"http:\/\/brigittedubreucq.com\/blog\/wp-content\/uploads\/2012\/02\/HC335-2010-02-Taylorisme-pas-mort.pdf\">H&amp;C335 2010-02 Taylorisme pas mort<\/a><\/p>\n<p><a title=\"Cahiers, Joies et Tourments d'un DRH\" href=\"http:\/\/brigittedubreucq.com\/blog\/wp-content\/uploads\/2012\/07\/HEC-MRH-2009-02-Joies-et-Tourments-dun-DRH.pdf\" target=\"_blank\" rel=\"noopener noreferrer\">H&amp;C 2009-02 Joies et tourments d\u2019un DRH Xavier Grenet<\/a><\/p>\n<p><a href=\"http:\/\/brigittedubreucq.com\/blog\/wp-content\/uploads\/2012\/02\/HC326-2088-09-Nos-Quartiers-ont-des-Talents.pdf\">H&amp;C326 2008-09 Nos Quartiers ont des Talents<\/a><\/p>\n","protected":false},"excerpt":{"rendered":"<p>Fruit d\u2019une aventure collective dont que j&rsquo;ai coordonn\u00e9e, \u00ab\u00a0L\u2019entreprise inspir\u00e9e par les valeurs\u00a0\u00bb est la traduction francophone et enrichie du livre de Richard Barrett \u00ab\u00a0The values-driven organization\u00a0\u00bb. Richard Barrett et le Barrett Values Centre se consacrent depuis 20 ans \u00e0 la mesure de la culture de travail et des valeurs qui inspirent les organisations et &hellip; <\/p>\n<p><a class=\"more-link btn\" href=\"https:\/\/www.coherens.com\/index.php\/publications\/\">Lire la suite<\/a><\/p>\n","protected":false},"author":1,"featured_media":0,"parent":0,"menu_order":0,"comment_status":"closed","ping_status":"closed","template":"","meta":{"footnotes":""},"class_list":["post-131","page","type-page","status-publish","hentry","nodate","item-wrap"],"yoast_head":"<!-- This site is optimized with the Yoast SEO plugin v14.9 - https:\/\/yoast.com\/wordpress\/plugins\/seo\/ -->\n<title>Publications - COHeRenS<\/title>\n<meta name=\"robots\" content=\"index, follow, max-snippet:-1, max-image-preview:large, max-video-preview:-1\" \/>\n<link rel=\"canonical\" href=\"http:\/\/www.coherens.com\/index.php\/publications\/\" \/>\n<meta property=\"og:locale\" content=\"fr_FR\" \/>\n<meta property=\"og:type\" content=\"article\" \/>\n<meta property=\"og:title\" content=\"Publications - COHeRenS\" \/>\n<meta property=\"og:description\" content=\"Fruit d\u2019une aventure collective dont que j&rsquo;ai coordonn\u00e9e, \u00ab\u00a0L\u2019entreprise inspir\u00e9e par les valeurs\u00a0\u00bb est la traduction francophone et enrichie du livre de Richard Barrett \u00ab\u00a0The values-driven organization\u00a0\u00bb. Richard Barrett et le Barrett Values Centre se consacrent depuis 20 ans \u00e0 la mesure de la culture de travail et des valeurs qui inspirent les organisations et &hellip; Lire la suite\" \/>\n<meta property=\"og:url\" content=\"http:\/\/www.coherens.com\/index.php\/publications\/\" \/>\n<meta property=\"og:site_name\" content=\"COHeRenS\" \/>\n<meta property=\"article:modified_time\" content=\"2017-06-26T18:58:11+00:00\" \/>\n<meta property=\"og:image\" content=\"http:\/\/entrepriseinspireeparlesvaleurs.com\/wp-content\/uploads\/2017\/03\/titre-entreprise-inspiree-par-les-valeurs-2-1-300x206.png\" \/>\n<meta name=\"twitter:card\" content=\"summary\" \/>\n<meta name=\"twitter:creator\" content=\"@bdubreucq\" \/>\n<meta name=\"twitter:site\" content=\"@bdubreucq\" \/>\n<script type=\"application\/ld+json\" class=\"yoast-schema-graph\">{\"@context\":\"https:\/\/schema.org\",\"@graph\":[{\"@type\":\"WebSite\",\"@id\":\"https:\/\/www.coherens.com\/#website\",\"url\":\"https:\/\/www.coherens.com\/\",\"name\":\"COHeRenS\",\"description\":\"LE POTENTIEL HUMAIN AU COEUR DE VOTRE PERFORMANCE\",\"potentialAction\":[{\"@type\":\"SearchAction\",\"target\":\"https:\/\/www.coherens.com\/?s={search_term_string}\",\"query-input\":\"required name=search_term_string\"}],\"inLanguage\":\"fr-FR\"},{\"@type\":\"ImageObject\",\"@id\":\"http:\/\/www.coherens.com\/index.php\/publications\/#primaryimage\",\"inLanguage\":\"fr-FR\",\"url\":\"http:\/\/entrepriseinspireeparlesvaleurs.com\/wp-content\/uploads\/2017\/03\/titre-entreprise-inspiree-par-les-valeurs-2-1-300x206.png\"},{\"@type\":\"WebPage\",\"@id\":\"http:\/\/www.coherens.com\/index.php\/publications\/#webpage\",\"url\":\"http:\/\/www.coherens.com\/index.php\/publications\/\",\"name\":\"Publications - COHeRenS\",\"isPartOf\":{\"@id\":\"https:\/\/www.coherens.com\/#website\"},\"primaryImageOfPage\":{\"@id\":\"http:\/\/www.coherens.com\/index.php\/publications\/#primaryimage\"},\"datePublished\":\"2016-04-12T19:15:47+00:00\",\"dateModified\":\"2017-06-26T18:58:11+00:00\",\"inLanguage\":\"fr-FR\",\"potentialAction\":[{\"@type\":\"ReadAction\",\"target\":[\"http:\/\/www.coherens.com\/index.php\/publications\/\"]}]}]}<\/script>\n<!-- \/ Yoast SEO plugin. -->","_links":{"self":[{"href":"https:\/\/www.coherens.com\/index.php\/wp-json\/wp\/v2\/pages\/131"}],"collection":[{"href":"https:\/\/www.coherens.com\/index.php\/wp-json\/wp\/v2\/pages"}],"about":[{"href":"https:\/\/www.coherens.com\/index.php\/wp-json\/wp\/v2\/types\/page"}],"author":[{"embeddable":true,"href":"https:\/\/www.coherens.com\/index.php\/wp-json\/wp\/v2\/users\/1"}],"replies":[{"embeddable":true,"href":"https:\/\/www.coherens.com\/index.php\/wp-json\/wp\/v2\/comments?post=131"}],"version-history":[{"count":5,"href":"https:\/\/www.coherens.com\/index.php\/wp-json\/wp\/v2\/pages\/131\/revisions"}],"predecessor-version":[{"id":484,"href":"https:\/\/www.coherens.com\/index.php\/wp-json\/wp\/v2\/pages\/131\/revisions\/484"}],"wp:attachment":[{"href":"https:\/\/www.coherens.com\/index.php\/wp-json\/wp\/v2\/media?parent=131"}],"curies":[{"name":"wp","href":"https:\/\/api.w.org\/{rel}","templated":true}]}}