{"id":125,"date":"2016-04-12T20:09:34","date_gmt":"2016-04-12T19:09:34","guid":{"rendered":"http:\/\/www.coherens.com\/site\/?page_id=125"},"modified":"2017-10-28T09:20:27","modified_gmt":"2017-10-28T08:20:27","slug":"bibliotheque","status":"publish","type":"page","link":"https:\/\/www.coherens.com\/index.php\/bibliotheque\/","title":{"rendered":"Biblioth\u00e8que"},"content":{"rendered":"<p>Les fondamentaux, les coups de c\u0153ur\u2026. des choix d\u00e9lib\u00e9r\u00e9ment personnels que je cite lors de mes discussions autour du leadership et des ressources humaines.<\/p>\n<p>Je vous laisse le soin de les retrouver aupr\u00e8s de vos libraires pr\u00e9f\u00e9r\u00e9s !<\/p>\n<p><strong>Des classiques incontournables et toujours modernes<\/strong><\/p>\n<p>Le Macroscope (Jo\u00ebl de Rosnay)<\/p>\n<p>Manager dans la complexit\u00e9\u00a0 (Genelot)<\/p>\n<p><strong>Intelligence Emotionnelle, Intelligence Relationnelle, Leadership<\/strong><\/p>\n<p>L\u2019intelligence \u00e9motionnelle (Daniel Goleman) . Le Tome 1 (J\u2019ai Lu ) est un must, mais on peut aussi lire le 2 et L\u2019intelligence Emotionnelle au travail<\/p>\n<p>Cultiver l\u2019intelligence relationnelle (Daniel Goleman) qui va plus loin et apporte un vrai lien avec les neurosciences<\/p>\n<p><strong>Les Ressources Humaines :<\/strong><\/p>\n<p>HR from the Outside In: Six Competencies for the Future of Human Resources<br \/>\n(Dave Ulrich et autres auteurs \u2013 Editions McGraw-Hill)<\/p>\n<p>The HR scorecard, linking People, Strategy and Performance<br \/>\n(Dave Ulrich et autres auteurs \u2013 Harvard Business Review Press)<\/p>\n<p><a href=\"http:\/\/www.lentrepriseinspir\u00e9eparlesvaleurs\" target=\"_blank\" rel=\"noopener\">L&rsquo;entreprise inspir\u00e9e par les valeurs &#8211;<\/a> Richard Barrett (Deboeck Superieur &#8211; 2017) &#8211; Traduction francophone de<\/p>\n<p>The values driven organization \u2013 Unleashing human potential for performance and profit<br \/>\n(Richard Barrett \u2013 Editions Routledge)<\/p>\n<p><strong>D\u2019actualit\u00e9<\/strong><\/p>\n<p>G\u00e9rer les risques psycho-sociaux (Ricardo Perez Nuckel, Jean-Edouard Gr\u00e9sy, Philippe Emont) Un titre r\u00e9ducteur pour un livre beaucoup plus riche en psycho-socio<\/p>\n<p>Surfer la Vie (Jo\u00ebl de Rosnay) Fluidit\u00e9, intelligences connect\u00e9es\u2026 visionnaire<\/p>\n<p>Activer les Talents avec les neurosciences (Bernadette Lecerf-Thomas) Toujours les neurosciences pour une grille de lecture et d\u2019actions vers l\u2019intelligence collective<\/p>\n<p><strong>Coups de c\u0153ur<\/strong><\/p>\n<p>J\u2019ai perdu ma montre au fond du lac (R\u00e9mi Tremblay)<\/p>\n<p>Le Why Caf\u00e9 (John P.Strelecky)\u2026 trois questions toutes simples que je vous laisse d\u00e9couvrir<\/p>\n<p>&nbsp;<\/p>\n","protected":false},"excerpt":{"rendered":"<p>Les fondamentaux, les coups de c\u0153ur\u2026. des choix d\u00e9lib\u00e9r\u00e9ment personnels que je cite lors de mes discussions autour du leadership et des ressources humaines. Je vous laisse le soin de les retrouver aupr\u00e8s de vos libraires pr\u00e9f\u00e9r\u00e9s ! Des classiques incontournables et toujours modernes Le Macroscope (Jo\u00ebl de Rosnay) Manager dans la complexit\u00e9\u00a0 (Genelot) Intelligence &hellip; <\/p>\n<p><a class=\"more-link btn\" href=\"https:\/\/www.coherens.com\/index.php\/bibliotheque\/\">Lire la suite<\/a><\/p>\n","protected":false},"author":1,"featured_media":0,"parent":0,"menu_order":0,"comment_status":"closed","ping_status":"closed","template":"","meta":{"footnotes":""},"class_list":["post-125","page","type-page","status-publish","hentry","nodate","item-wrap"],"yoast_head":"<!-- This site is optimized with the Yoast SEO plugin v14.9 - https:\/\/yoast.com\/wordpress\/plugins\/seo\/ -->\n<title>Biblioth\u00e8que - COHeRenS<\/title>\n<meta name=\"robots\" content=\"index, follow, max-snippet:-1, max-image-preview:large, max-video-preview:-1\" \/>\n<link rel=\"canonical\" href=\"http:\/\/www.coherens.com\/index.php\/bibliotheque\/\" \/>\n<meta property=\"og:locale\" content=\"fr_FR\" \/>\n<meta property=\"og:type\" content=\"article\" \/>\n<meta property=\"og:title\" content=\"Biblioth\u00e8que - COHeRenS\" \/>\n<meta property=\"og:description\" content=\"Les fondamentaux, les coups de c\u0153ur\u2026. des choix d\u00e9lib\u00e9r\u00e9ment personnels que je cite lors de mes discussions autour du leadership et des ressources humaines. Je vous laisse le soin de les retrouver aupr\u00e8s de vos libraires pr\u00e9f\u00e9r\u00e9s ! Des classiques incontournables et toujours modernes Le Macroscope (Jo\u00ebl de Rosnay) Manager dans la complexit\u00e9\u00a0 (Genelot) Intelligence &hellip; Lire la suite\" \/>\n<meta property=\"og:url\" content=\"http:\/\/www.coherens.com\/index.php\/bibliotheque\/\" \/>\n<meta property=\"og:site_name\" content=\"COHeRenS\" \/>\n<meta property=\"article:modified_time\" content=\"2017-10-28T08:20:27+00:00\" \/>\n<meta name=\"twitter:card\" content=\"summary\" \/>\n<meta name=\"twitter:creator\" content=\"@bdubreucq\" \/>\n<meta name=\"twitter:site\" content=\"@bdubreucq\" \/>\n<script type=\"application\/ld+json\" class=\"yoast-schema-graph\">{\"@context\":\"https:\/\/schema.org\",\"@graph\":[{\"@type\":\"WebSite\",\"@id\":\"https:\/\/www.coherens.com\/#website\",\"url\":\"https:\/\/www.coherens.com\/\",\"name\":\"COHeRenS\",\"description\":\"LE POTENTIEL HUMAIN AU COEUR DE VOTRE PERFORMANCE\",\"potentialAction\":[{\"@type\":\"SearchAction\",\"target\":\"https:\/\/www.coherens.com\/?s={search_term_string}\",\"query-input\":\"required name=search_term_string\"}],\"inLanguage\":\"fr-FR\"},{\"@type\":\"WebPage\",\"@id\":\"http:\/\/www.coherens.com\/index.php\/bibliotheque\/#webpage\",\"url\":\"http:\/\/www.coherens.com\/index.php\/bibliotheque\/\",\"name\":\"Biblioth\\u00e8que - COHeRenS\",\"isPartOf\":{\"@id\":\"https:\/\/www.coherens.com\/#website\"},\"datePublished\":\"2016-04-12T19:09:34+00:00\",\"dateModified\":\"2017-10-28T08:20:27+00:00\",\"inLanguage\":\"fr-FR\",\"potentialAction\":[{\"@type\":\"ReadAction\",\"target\":[\"http:\/\/www.coherens.com\/index.php\/bibliotheque\/\"]}]}]}<\/script>\n<!-- \/ Yoast SEO plugin. -->","_links":{"self":[{"href":"https:\/\/www.coherens.com\/index.php\/wp-json\/wp\/v2\/pages\/125"}],"collection":[{"href":"https:\/\/www.coherens.com\/index.php\/wp-json\/wp\/v2\/pages"}],"about":[{"href":"https:\/\/www.coherens.com\/index.php\/wp-json\/wp\/v2\/types\/page"}],"author":[{"embeddable":true,"href":"https:\/\/www.coherens.com\/index.php\/wp-json\/wp\/v2\/users\/1"}],"replies":[{"embeddable":true,"href":"https:\/\/www.coherens.com\/index.php\/wp-json\/wp\/v2\/comments?post=125"}],"version-history":[{"count":4,"href":"https:\/\/www.coherens.com\/index.php\/wp-json\/wp\/v2\/pages\/125\/revisions"}],"predecessor-version":[{"id":625,"href":"https:\/\/www.coherens.com\/index.php\/wp-json\/wp\/v2\/pages\/125\/revisions\/625"}],"wp:attachment":[{"href":"https:\/\/www.coherens.com\/index.php\/wp-json\/wp\/v2\/media?parent=125"}],"curies":[{"name":"wp","href":"https:\/\/api.w.org\/{rel}","templated":true}]}}