{"id":112,"date":"2016-04-12T19:00:23","date_gmt":"2016-04-12T18:00:23","guid":{"rendered":"http:\/\/www.coherens.com\/site\/?page_id=112"},"modified":"2020-09-25T11:09:53","modified_gmt":"2020-09-25T10:09:53","slug":"leadership","status":"publish","type":"page","link":"https:\/\/www.coherens.com\/index.php\/leadership\/","title":{"rendered":"Leadership"},"content":{"rendered":"\n<div class=\"wp-block-group\"><div class=\"wp-block-group__inner-container is-layout-flow wp-block-group-is-layout-flow\">\n<p class=\"has-medium-font-size\">Le leadership est aujourd&rsquo;hui en plein reconfiguration et se joue des vieux mod\u00e8les et des vieilles recettes.<\/p>\n\n\n\n<div class=\"wp-block-image\"><figure class=\"aligncenter is-resized\"><img loading=\"lazy\" decoding=\"async\" src=\"http:\/\/www.coherens.com\/wp-content\/uploads\/2018\/03\/Rosace.jpg\" alt=\"\" class=\"wp-image-682\" width=\"270\" height=\"193\" srcset=\"https:\/\/www.coherens.com\/wp-content\/uploads\/2018\/03\/Rosace.jpg 1761w, https:\/\/www.coherens.com\/wp-content\/uploads\/2018\/03\/Rosace-300x215.jpg 300w, https:\/\/www.coherens.com\/wp-content\/uploads\/2018\/03\/Rosace-768x551.jpg 768w, https:\/\/www.coherens.com\/wp-content\/uploads\/2018\/03\/Rosace-1024x734.jpg 1024w\" sizes=\"(max-width: 270px) 100vw, 270px\" \/><\/figure><\/div>\n\n\n\n<p class=\"has-medium-font-size\"><strong>Je vous propose&nbsp;de&nbsp;mettre en place un leadership authentique, fond\u00e9 sur une respiration entre ces trois dimensions<\/strong><\/p>\n\n\n\n<p class=\"has-medium-font-size\">-leader de soi<br>-leader de mon \u00e9quipe<br>-leader de mon organisation<\/p>\n\n\n\n<p class=\"has-medium-font-size\">Je m&rsquo;appuie sur<strong> trois mod\u00e8les de leadership et les assessments associ\u00e9s<\/strong> qui permettent d&rsquo;\u00e9valuer pour comprendre et progresser, et je les combine selon la culture et les besoins de mes clients.<\/p>\n\n\n\n<p class=\"has-medium-font-size\">-ceux propos\u00e9s par le\u00a0<a href=\"http:\/\/www.coherens.com\/site\/index.php\/barett-values-centre\/\" target=\"_blank\" rel=\"noopener noreferrer\">Barrett Values Centre<\/a>, qui combinent les trois dimensions (moi, mon \u00e9quipe, mon organisation)<\/p>\n\n\n\n<p class=\"has-medium-font-size\">-ceux propos\u00e9s par <a href=\"http:\/\/www.coherens.com\/site\/index.php\/nos-ressources\/hogan-assessment\/\">Hogan<\/a> qui approfondissent les diff\u00e9rentes dimensions de la personnalit\u00e9 et des motivations et permettent des approches individuelles et d&rsquo;\u00e9quipe.<br>Hogan propose un assessment qui vous permet de mieux comprendre quel type de d\u00e9cideur vous \u00eates.<\/p>\n\n\n\n<p class=\"has-medium-font-size\">-ceux propos\u00e9s par <a href=\"http:\/\/www.coherens.com\/index.php\/talent-q\/\">KornFerry<\/a>\u00a0centr\u00e9s sur les apports de Daniel Goleman (intelligence \u00e9motionnelle) et David McClelland (Th\u00e9orie des besoins et motivations)<\/p>\n\n\n\n<p class=\"has-medium-font-size\"><strong>D\u00e9velopper un leadership authentique passe par trois \u00e9tapes<\/strong> :<\/p>\n\n\n\n<p class=\"has-medium-font-size\">&#8211;<strong>mesurer<\/strong> : les assessments que je vous propose permettent d&rsquo;aller au-del\u00e0 des clich\u00e9s et des raccourcis et vous apportent des informations fiables et pr\u00e9cises sur vos traits de personnalit\u00e9s et ceux de votre \u00e9quipe, ce qui compte pour vous et autour de vous et ce qui est v\u00e9cu (sources de motivations, de satisfaction, engagement, dysfonctionnements&#8230;)<\/p>\n\n\n\n<p class=\"has-medium-font-size\">&#8211;<strong>comprendre<\/strong> : ensemble nous faisons les liens entre ces diff\u00e9rents mondes : le v\u00f4tre, celui de votre \u00e9quipe et de votre organisation, votre syst\u00e8me plus globalement. Cette mise en perspective permet de construire un plan de d\u00e9veloppement personnalis\u00e9, adapt\u00e9 \u00e0 vos enjeux sans mod\u00e8le prescrit.<\/p>\n\n\n\n<p class=\"has-medium-font-size\">&#8211;<strong>agir<\/strong> : c&rsquo;est le moment de se mettre en route, d&rsquo;agir sur toutes les dimensions, d\u2019am\u00e9nager le chemin pour arriver \u00e0 destination. Un accompagnement en mode\u00a0 \u00ab\u00a0servant consulting\u00a0\u00bb, mentorat, alliant conseil et coaching, destin\u00e9 tant \u00e0 vous qu&rsquo;\u00e0 votre m\u00e9tier de dirigeant. Un accompagnement qui s&rsquo;appuie sur une solide exp\u00e9rience de dirigeant, sur des approches reconnues et sur les r\u00e9cents apports des neurosciences.<\/p>\n<\/div><\/div>\n","protected":false},"excerpt":{"rendered":"<p>Le leadership est aujourd&rsquo;hui en plein reconfiguration et se joue des vieux mod\u00e8les et des vieilles recettes. Je vous propose&nbsp;de&nbsp;mettre en place un leadership authentique, fond\u00e9 sur une respiration entre ces trois dimensions -leader de soi-leader de mon \u00e9quipe-leader de mon organisation Je m&rsquo;appuie sur trois mod\u00e8les de leadership et les assessments associ\u00e9s qui permettent &hellip; <\/p>\n<p><a class=\"more-link btn\" href=\"https:\/\/www.coherens.com\/index.php\/leadership\/\">Lire la suite<\/a><\/p>\n","protected":false},"author":1,"featured_media":0,"parent":0,"menu_order":0,"comment_status":"closed","ping_status":"closed","template":"","meta":{"footnotes":""},"class_list":["post-112","page","type-page","status-publish","hentry","nodate","item-wrap"],"yoast_head":"<!-- This site is optimized with the Yoast SEO plugin v14.9 - https:\/\/yoast.com\/wordpress\/plugins\/seo\/ -->\n<title>Leadership - COHeRenS<\/title>\n<meta name=\"robots\" content=\"index, follow, max-snippet:-1, max-image-preview:large, max-video-preview:-1\" \/>\n<link rel=\"canonical\" href=\"http:\/\/www.coherens.com\/index.php\/leadership\/\" \/>\n<meta property=\"og:locale\" content=\"fr_FR\" \/>\n<meta property=\"og:type\" content=\"article\" \/>\n<meta property=\"og:title\" content=\"Leadership - COHeRenS\" \/>\n<meta property=\"og:description\" content=\"Le leadership est aujourd&rsquo;hui en plein reconfiguration et se joue des vieux mod\u00e8les et des vieilles recettes. Je vous propose&nbsp;de&nbsp;mettre en place un leadership authentique, fond\u00e9 sur une respiration entre ces trois dimensions -leader de soi-leader de mon \u00e9quipe-leader de mon organisation Je m&rsquo;appuie sur trois mod\u00e8les de leadership et les assessments associ\u00e9s qui permettent &hellip; Lire la suite\" \/>\n<meta property=\"og:url\" content=\"http:\/\/www.coherens.com\/index.php\/leadership\/\" \/>\n<meta property=\"og:site_name\" content=\"COHeRenS\" \/>\n<meta property=\"article:modified_time\" content=\"2020-09-25T10:09:53+00:00\" \/>\n<meta property=\"og:image\" content=\"http:\/\/www.coherens.com\/wp-content\/uploads\/2018\/03\/Rosace.jpg\" \/>\n<meta name=\"twitter:card\" content=\"summary\" \/>\n<meta name=\"twitter:creator\" content=\"@bdubreucq\" \/>\n<meta name=\"twitter:site\" content=\"@bdubreucq\" \/>\n<script type=\"application\/ld+json\" class=\"yoast-schema-graph\">{\"@context\":\"https:\/\/schema.org\",\"@graph\":[{\"@type\":\"WebSite\",\"@id\":\"https:\/\/www.coherens.com\/#website\",\"url\":\"https:\/\/www.coherens.com\/\",\"name\":\"COHeRenS\",\"description\":\"LE POTENTIEL HUMAIN AU COEUR DE VOTRE PERFORMANCE\",\"potentialAction\":[{\"@type\":\"SearchAction\",\"target\":\"https:\/\/www.coherens.com\/?s={search_term_string}\",\"query-input\":\"required name=search_term_string\"}],\"inLanguage\":\"fr-FR\"},{\"@type\":\"ImageObject\",\"@id\":\"http:\/\/www.coherens.com\/index.php\/leadership\/#primaryimage\",\"inLanguage\":\"fr-FR\",\"url\":\"http:\/\/www.coherens.com\/wp-content\/uploads\/2018\/03\/Rosace.jpg\"},{\"@type\":\"WebPage\",\"@id\":\"http:\/\/www.coherens.com\/index.php\/leadership\/#webpage\",\"url\":\"http:\/\/www.coherens.com\/index.php\/leadership\/\",\"name\":\"Leadership - COHeRenS\",\"isPartOf\":{\"@id\":\"https:\/\/www.coherens.com\/#website\"},\"primaryImageOfPage\":{\"@id\":\"http:\/\/www.coherens.com\/index.php\/leadership\/#primaryimage\"},\"datePublished\":\"2016-04-12T18:00:23+00:00\",\"dateModified\":\"2020-09-25T10:09:53+00:00\",\"inLanguage\":\"fr-FR\",\"potentialAction\":[{\"@type\":\"ReadAction\",\"target\":[\"http:\/\/www.coherens.com\/index.php\/leadership\/\"]}]}]}<\/script>\n<!-- \/ Yoast SEO plugin. -->","_links":{"self":[{"href":"https:\/\/www.coherens.com\/index.php\/wp-json\/wp\/v2\/pages\/112"}],"collection":[{"href":"https:\/\/www.coherens.com\/index.php\/wp-json\/wp\/v2\/pages"}],"about":[{"href":"https:\/\/www.coherens.com\/index.php\/wp-json\/wp\/v2\/types\/page"}],"author":[{"embeddable":true,"href":"https:\/\/www.coherens.com\/index.php\/wp-json\/wp\/v2\/users\/1"}],"replies":[{"embeddable":true,"href":"https:\/\/www.coherens.com\/index.php\/wp-json\/wp\/v2\/comments?post=112"}],"version-history":[{"count":12,"href":"https:\/\/www.coherens.com\/index.php\/wp-json\/wp\/v2\/pages\/112\/revisions"}],"predecessor-version":[{"id":1051,"href":"https:\/\/www.coherens.com\/index.php\/wp-json\/wp\/v2\/pages\/112\/revisions\/1051"}],"wp:attachment":[{"href":"https:\/\/www.coherens.com\/index.php\/wp-json\/wp\/v2\/media?parent=112"}],"curies":[{"name":"wp","href":"https:\/\/api.w.org\/{rel}","templated":true}]}}