{"id":108,"date":"2016-04-12T18:50:31","date_gmt":"2016-04-12T17:50:31","guid":{"rendered":"http:\/\/www.coherens.com\/site\/?page_id=108"},"modified":"2020-09-25T11:11:28","modified_gmt":"2020-09-25T10:11:28","slug":"transformation","status":"publish","type":"page","link":"https:\/\/www.coherens.com\/index.php\/transformation\/","title":{"rendered":"Transformation"},"content":{"rendered":"\n<p class=\"has-medium-font-size\">Toute transformation se vit de mani\u00e8re syst\u00e9mique, dans une respiration entre l\u2019individuel et le collectif, le personnel et l\u2019organisationnel.<\/p>\n\n\n\n<p class=\"has-medium-font-size\">Toute transformation se vit entre la vision qui permet \u00e0 chacun, \u00e0 chaque entreprise, de re-trouver&nbsp;l\u2019\u00e9toile \u00e0 laquelle il va accrocher son char, et les valeurs qui vont soutenir les pourquoi et les comment les choses se font aujourd\u2019hui et se feront demain. Une mani\u00e8re de piloter des \u00ab&nbsp;slow&nbsp;\u00bb transformations, des transformations non-violentes.<\/p>\n\n\n\n<p class=\"has-medium-font-size\"><span style=\"color: #000080;\"><strong>Parce qu\u2019une transformation interpelle d\u2019abord le \u00ab\u00a0qui nous sommes\u00a0\u00bb avant le &nbsp;\u00a0\u00bb ce que nous devons faire\u00a0\u00bb, et c&rsquo;est ce qui la diff\u00e9rencie du changement, &nbsp;une transformation&nbsp;prend du temps et va vous mobiliser.<\/strong><\/span><\/p>\n\n\n\n<div class=\"wp-block-image\"><figure class=\"aligncenter is-resized\"><img loading=\"lazy\" decoding=\"async\" src=\"http:\/\/www.coherens.com\/wp-content\/uploads\/2018\/03\/Logo-Texte-3.jpg\" alt=\"\" class=\"wp-image-678\" width=\"299\" height=\"299\" srcset=\"https:\/\/www.coherens.com\/wp-content\/uploads\/2018\/03\/Logo-Texte-3.jpg 2362w, https:\/\/www.coherens.com\/wp-content\/uploads\/2018\/03\/Logo-Texte-3-150x150.jpg 150w, https:\/\/www.coherens.com\/wp-content\/uploads\/2018\/03\/Logo-Texte-3-300x300.jpg 300w, https:\/\/www.coherens.com\/wp-content\/uploads\/2018\/03\/Logo-Texte-3-768x768.jpg 768w, https:\/\/www.coherens.com\/wp-content\/uploads\/2018\/03\/Logo-Texte-3-1024x1024.jpg 1024w\" sizes=\"(max-width: 299px) 100vw, 299px\" \/><\/figure><\/div>\n\n\n\n<p class=\"has-medium-font-size\">J\u2019aime citer ces deux proverbes chinois<\/p>\n\n\n\n<p class=\"has-text-align-center has-medium-font-size\"><span style=\"color: #000080;\"><em>\u00ab&nbsp;il faut neuf lunes \u00e0 une femme pour faire un enfant<\/em><\/span><br><span style=\"color: #000080;\"> <em>neuf femmes ne pourront jamais faire un enfant en une lune&nbsp;\u00bb<\/em><\/span><\/p>\n\n\n\n<p class=\"has-text-align-center has-medium-font-size\"><span style=\"color: #000080;\"><em>\u00ab&nbsp;il y a deux moments pour planter un arbre<\/em><\/span><br><span style=\"color: #000080;\"> <em>il y a vingt ans et.. maintenant&nbsp;\u00bb<\/em><\/span><\/p>\n\n\n\n<p class=\"has-medium-font-size\">Vous souhaitez engager votre entreprise dans une transformation positive qui s\u2019inscrira dans la dur\u00e9e. Vous savez que cela va demander du temps, le v\u00f4tre, celui de votre \u00e9quipe de Direction, celui de toutes vos \u00e9quipes.<\/p>\n\n\n\n<p class=\"has-medium-font-size\"><strong>Il est temps de d\u00e9marrer en vous appuyant sur notre expertise et notre exp\u00e9rience, dans un mode discret et durable.<\/strong><\/p>\n","protected":false},"excerpt":{"rendered":"<p>Toute transformation se vit de mani\u00e8re syst\u00e9mique, dans une respiration entre l\u2019individuel et le collectif, le personnel et l\u2019organisationnel. Toute transformation se vit entre la vision qui permet \u00e0 chacun, \u00e0 chaque entreprise, de re-trouver&nbsp;l\u2019\u00e9toile \u00e0 laquelle il va accrocher son char, et les valeurs qui vont soutenir les pourquoi et les comment les choses &hellip; <\/p>\n<p><a class=\"more-link btn\" href=\"https:\/\/www.coherens.com\/index.php\/transformation\/\">Lire la suite<\/a><\/p>\n","protected":false},"author":1,"featured_media":0,"parent":0,"menu_order":0,"comment_status":"closed","ping_status":"closed","template":"","meta":{"footnotes":""},"class_list":["post-108","page","type-page","status-publish","hentry","nodate","item-wrap"],"yoast_head":"<!-- This site is optimized with the Yoast SEO plugin v14.9 - https:\/\/yoast.com\/wordpress\/plugins\/seo\/ -->\n<title>Transformation - COHeRenS<\/title>\n<meta name=\"robots\" content=\"index, follow, max-snippet:-1, max-image-preview:large, max-video-preview:-1\" \/>\n<link rel=\"canonical\" href=\"http:\/\/www.coherens.com\/index.php\/transformation\/\" \/>\n<meta property=\"og:locale\" content=\"fr_FR\" \/>\n<meta property=\"og:type\" content=\"article\" \/>\n<meta property=\"og:title\" content=\"Transformation - COHeRenS\" \/>\n<meta property=\"og:description\" content=\"Toute transformation se vit de mani\u00e8re syst\u00e9mique, dans une respiration entre l\u2019individuel et le collectif, le personnel et l\u2019organisationnel. Toute transformation se vit entre la vision qui permet \u00e0 chacun, \u00e0 chaque entreprise, de re-trouver&nbsp;l\u2019\u00e9toile \u00e0 laquelle il va accrocher son char, et les valeurs qui vont soutenir les pourquoi et les comment les choses &hellip; Lire la suite\" \/>\n<meta property=\"og:url\" content=\"http:\/\/www.coherens.com\/index.php\/transformation\/\" \/>\n<meta property=\"og:site_name\" content=\"COHeRenS\" \/>\n<meta property=\"article:modified_time\" content=\"2020-09-25T10:11:28+00:00\" \/>\n<meta property=\"og:image\" content=\"http:\/\/www.coherens.com\/wp-content\/uploads\/2018\/03\/Logo-Texte-3.jpg\" \/>\n<meta name=\"twitter:card\" content=\"summary\" \/>\n<meta name=\"twitter:creator\" content=\"@bdubreucq\" \/>\n<meta name=\"twitter:site\" content=\"@bdubreucq\" \/>\n<script type=\"application\/ld+json\" class=\"yoast-schema-graph\">{\"@context\":\"https:\/\/schema.org\",\"@graph\":[{\"@type\":\"WebSite\",\"@id\":\"https:\/\/www.coherens.com\/#website\",\"url\":\"https:\/\/www.coherens.com\/\",\"name\":\"COHeRenS\",\"description\":\"LE POTENTIEL HUMAIN AU COEUR DE VOTRE PERFORMANCE\",\"potentialAction\":[{\"@type\":\"SearchAction\",\"target\":\"https:\/\/www.coherens.com\/?s={search_term_string}\",\"query-input\":\"required name=search_term_string\"}],\"inLanguage\":\"fr-FR\"},{\"@type\":\"ImageObject\",\"@id\":\"http:\/\/www.coherens.com\/index.php\/transformation\/#primaryimage\",\"inLanguage\":\"fr-FR\",\"url\":\"http:\/\/www.coherens.com\/wp-content\/uploads\/2018\/03\/Logo-Texte-3.jpg\"},{\"@type\":\"WebPage\",\"@id\":\"http:\/\/www.coherens.com\/index.php\/transformation\/#webpage\",\"url\":\"http:\/\/www.coherens.com\/index.php\/transformation\/\",\"name\":\"Transformation - COHeRenS\",\"isPartOf\":{\"@id\":\"https:\/\/www.coherens.com\/#website\"},\"primaryImageOfPage\":{\"@id\":\"http:\/\/www.coherens.com\/index.php\/transformation\/#primaryimage\"},\"datePublished\":\"2016-04-12T17:50:31+00:00\",\"dateModified\":\"2020-09-25T10:11:28+00:00\",\"inLanguage\":\"fr-FR\",\"potentialAction\":[{\"@type\":\"ReadAction\",\"target\":[\"http:\/\/www.coherens.com\/index.php\/transformation\/\"]}]}]}<\/script>\n<!-- \/ Yoast SEO plugin. -->","_links":{"self":[{"href":"https:\/\/www.coherens.com\/index.php\/wp-json\/wp\/v2\/pages\/108"}],"collection":[{"href":"https:\/\/www.coherens.com\/index.php\/wp-json\/wp\/v2\/pages"}],"about":[{"href":"https:\/\/www.coherens.com\/index.php\/wp-json\/wp\/v2\/types\/page"}],"author":[{"embeddable":true,"href":"https:\/\/www.coherens.com\/index.php\/wp-json\/wp\/v2\/users\/1"}],"replies":[{"embeddable":true,"href":"https:\/\/www.coherens.com\/index.php\/wp-json\/wp\/v2\/comments?post=108"}],"version-history":[{"count":9,"href":"https:\/\/www.coherens.com\/index.php\/wp-json\/wp\/v2\/pages\/108\/revisions"}],"predecessor-version":[{"id":1052,"href":"https:\/\/www.coherens.com\/index.php\/wp-json\/wp\/v2\/pages\/108\/revisions\/1052"}],"wp:attachment":[{"href":"https:\/\/www.coherens.com\/index.php\/wp-json\/wp\/v2\/media?parent=108"}],"curies":[{"name":"wp","href":"https:\/\/api.w.org\/{rel}","templated":true}]}}