{"id":101,"date":"2016-04-07T16:36:35","date_gmt":"2016-04-07T15:36:35","guid":{"rendered":"http:\/\/www.coherens.com\/site\/?page_id=101"},"modified":"2020-11-12T15:42:40","modified_gmt":"2020-11-12T14:42:40","slug":"accueil","status":"publish","type":"page","link":"https:\/\/www.coherens.com\/","title":{"rendered":"Accueil"},"content":{"rendered":"\n<h3 class=\"has-text-align-center wp-block-heading\"><strong><span style=\"color: #203f63;\">Le potentiel humain au c\u0153ur&nbsp;de votre performance<\/span><\/strong><\/h3>\n\n\n\n<div class=\"wp-block-image\"><figure class=\"alignleft\"><img loading=\"lazy\" decoding=\"async\" width=\"300\" height=\"300\" src=\"http:\/\/www.coherens.com\/wp-content\/uploads\/2018\/03\/Logo-Texte-3-300x300.jpg\" alt=\"COHeRenS\" class=\"wp-image-678\" srcset=\"https:\/\/www.coherens.com\/wp-content\/uploads\/2018\/03\/Logo-Texte-3-300x300.jpg 300w, https:\/\/www.coherens.com\/wp-content\/uploads\/2018\/03\/Logo-Texte-3-150x150.jpg 150w, https:\/\/www.coherens.com\/wp-content\/uploads\/2018\/03\/Logo-Texte-3-768x768.jpg 768w, https:\/\/www.coherens.com\/wp-content\/uploads\/2018\/03\/Logo-Texte-3-1024x1024.jpg 1024w\" sizes=\"(max-width: 300px) 100vw, 300px\" \/><\/figure><\/div>\n\n\n\n<p><\/p>\n\n\n\n<p><\/p>\n\n\n\n<p class=\"has-medium-font-size\">Lib\u00e9rer&nbsp;le potentiel humain de votre entreprise,&nbsp;de votre \u00e9quipe, le v\u00f4tre, c\u2019est r\u00e9fl\u00e9chir et agir de mani\u00e8re globale, en tant que leader, tant sur le sens que sur la culture de travail, tant sur l\u2019organisation que sur la place de chacun et de chacune dans l\u2019\u00e9quipe&#8230;.<\/p>\n\n\n\n<div class=\"wp-block-image\"><figure class=\"alignright\"><img loading=\"lazy\" decoding=\"async\" width=\"199\" height=\"300\" src=\"http:\/\/www.coherens.com\/wp-content\/uploads\/2020\/04\/systeme-199x300.png\" alt=\"\" class=\"wp-image-901\" srcset=\"https:\/\/www.coherens.com\/wp-content\/uploads\/2020\/04\/systeme-199x300.png 199w, https:\/\/www.coherens.com\/wp-content\/uploads\/2020\/04\/systeme.png 509w\" sizes=\"(max-width: 199px) 100vw, 199px\" \/><\/figure><\/div>\n\n\n\n<p> <\/p>\n\n\n\n<p><\/p>\n\n\n\n<p><\/p>\n\n\n\n<p><\/p>\n\n\n\n<p class=\"has-medium-font-size\">Lib\u00e9rer le potentiel humain de votre entreprise c&rsquo;est r\u00e9fl\u00e9chir et agir sur les trois niveaux que sont le leader, son \u00e9quipe et son organisation, dans une d\u00e9marche int\u00e9gr\u00e9e.<\/p>\n\n\n\n<p>  <\/p>\n\n\n\n<p>  <\/p>\n\n\n\n<div class=\"wp-block-group\"><div class=\"wp-block-group__inner-container is-layout-flow wp-block-group-is-layout-flow\">\n<p>  <\/p>\n<\/div><\/div>\n\n\n\n<p class=\"has-medium-font-size\">Ce sont ces associations qui permettent de piloter avec succ\u00e8s les<strong> <a href=\"http:\/\/www.coherens.com\/index.php\/transformation\/\">transformations organisationnelles, culturelles et personnelles<\/a>, <\/strong>les trois \u00e9tant toujours \u00e9troitement associ\u00e9es.<\/p>\n\n\n\n<p class=\"has-medium-font-size\">Je vous apporte mon exp\u00e9rience et m&rsquo;appuie sur des approches reconnues dans le monde entier, applicables, simplement, dans des entreprises de toutes tailles et de tous secteurs. Je les associe et les combine en fonction de vos besoins, dans des configurations toujours uniques, car chaque histoire, chaque situation, chaque voyage est singulier.<\/p>\n\n\n\n<p class=\"has-medium-font-size\">Des solutions co-construites avec vous, des solutions dont vous \u00eates le principal acteur.&nbsp;Une mise en coh\u00e9rence sans cesse revisit\u00e9e, sans cesse renouvel\u00e9e.<\/p>\n\n\n\n<p class=\"has-medium-font-size\"><strong>Je m&rsquo;appuie sur les outils du <a href=\"http:\/\/www.coherens.com\/index.php\/barrett-values-centre\/\">Barrett Values Centre <\/a> pour mesurer l&rsquo;engagement, la culture de travail et faire des 360\u00b0 pour vos leaders, vos managers, vos experts&#8230; et chacun de vos collaborateurs.<\/strong><\/p>\n\n\n\n<p class=\"has-medium-font-size\"><strong>Je m\u2019appuie sur les \u00e9valuations et approches <a href=\"http:\/\/www.coherens.com\/index.php\/hogan\/\">Hogan<\/a> ou <a href=\"http:\/\/www.coherens.com\/index.php\/talent-q\/\">TalentQ<\/a> pour d\u00e9velopper la performance individuelle et collective des dirigeants (executive coaching et mentorat)<\/strong><\/p>\n\n\n\n<p class=\"has-medium-font-size\"><strong>J\u2019int\u00e8gre les <a rel=\"noreferrer noopener\" href=\"http:\/\/www.coherens.com\/index.php\/neurosciences\/\" target=\"_blank\">les neurosciences<\/a> et les mod\u00e8les d\u2019intelligence \u00e9motionnelle et relationnelle pour accompagner le changement, les transformations, et mobiliser l\u2019intelligence collective des \u00e9quipes.<\/strong><\/p>\n\n\n\n<p class=\"has-medium-font-size\">Je capitalise sur mon <a rel=\"noreferrer noopener\" href=\"http:\/\/www.coherens.com\/index.php\/gouvernance-rh\/des-missions-en-gouvernance-rh\/\" target=\"_blank\">exp\u00e9rience de DRH et les diff\u00e9rentes missions RH<\/a> r\u00e9alis\u00e9es pour vous proposer des solutions op\u00e9rationnelles, concr\u00e8tes dont vous pourrez mesurer les r\u00e9sultats.<\/p>\n\n\n\n<p class=\"has-text-align-center has-white-color has-text-color has-background\" style=\"background-color:#3496ce\"><strong>COHeRenS                      Paris &#8211; Bordeaux &#8211; Biarritz<\/strong><\/p>\n\n\n\n<div class=\"wp-block-file\"><a href=\"http:\/\/www.coherens.com\/wp-content\/uploads\/2020\/11\/Plaquette-Coherens-2020-11-P2.pdf\">Plaquette-Coherens-2020-11-P2<\/a><a href=\"http:\/\/www.coherens.com\/wp-content\/uploads\/2020\/11\/Plaquette-Coherens-2020-11-P2.pdf\" class=\"wp-block-file__button\" download>T\u00e9l\u00e9charger<\/a><\/div>\n\n\n\n<p><\/p>\n","protected":false},"excerpt":{"rendered":"<p>Le potentiel humain au c\u0153ur&nbsp;de votre performance Lib\u00e9rer&nbsp;le potentiel humain de votre entreprise,&nbsp;de votre \u00e9quipe, le v\u00f4tre, c\u2019est r\u00e9fl\u00e9chir et agir de mani\u00e8re globale, en tant que leader, tant sur le sens que sur la culture de travail, tant sur l\u2019organisation que sur la place de chacun et de chacune dans l\u2019\u00e9quipe&#8230;. Lib\u00e9rer le potentiel &hellip; <\/p>\n<p><a class=\"more-link btn\" href=\"https:\/\/www.coherens.com\/\">Lire la suite<\/a><\/p>\n","protected":false},"author":1,"featured_media":0,"parent":0,"menu_order":0,"comment_status":"closed","ping_status":"closed","template":"","meta":{"footnotes":""},"class_list":["post-101","page","type-page","status-publish","hentry","nodate","item-wrap"],"yoast_head":"<!-- This site is optimized with the Yoast SEO plugin v14.9 - https:\/\/yoast.com\/wordpress\/plugins\/seo\/ -->\n<title>Accueil - COHeRenS<\/title>\n<meta name=\"description\" content=\"leadership et transformation transformation organisationnelle, transformation culturelle, transformation personnelle le leader, son \u00e9quipe, son organisation\" \/>\n<meta name=\"robots\" content=\"index, follow, max-snippet:-1, max-image-preview:large, max-video-preview:-1\" \/>\n<link rel=\"canonical\" href=\"http:\/\/www.coherens.com\/\" \/>\n<meta property=\"og:locale\" content=\"fr_FR\" \/>\n<meta property=\"og:type\" content=\"article\" \/>\n<meta property=\"og:title\" content=\"Accueil - COHeRenS\" \/>\n<meta property=\"og:description\" content=\"leadership et transformation transformation organisationnelle, transformation culturelle, transformation personnelle le leader, son \u00e9quipe, son organisation\" \/>\n<meta property=\"og:url\" content=\"http:\/\/www.coherens.com\/\" \/>\n<meta property=\"og:site_name\" content=\"COHeRenS\" \/>\n<meta property=\"article:modified_time\" content=\"2020-11-12T14:42:40+00:00\" \/>\n<meta property=\"og:image\" content=\"http:\/\/www.coherens.com\/wp-content\/uploads\/2018\/03\/Logo-Texte-3-300x300.jpg\" \/>\n<meta name=\"twitter:card\" content=\"summary\" \/>\n<meta name=\"twitter:creator\" content=\"@bdubreucq\" \/>\n<meta name=\"twitter:site\" content=\"@bdubreucq\" \/>\n<script type=\"application\/ld+json\" class=\"yoast-schema-graph\">{\"@context\":\"https:\/\/schema.org\",\"@graph\":[{\"@type\":\"WebSite\",\"@id\":\"https:\/\/www.coherens.com\/#website\",\"url\":\"https:\/\/www.coherens.com\/\",\"name\":\"COHeRenS\",\"description\":\"LE POTENTIEL HUMAIN AU COEUR DE VOTRE PERFORMANCE\",\"potentialAction\":[{\"@type\":\"SearchAction\",\"target\":\"https:\/\/www.coherens.com\/?s={search_term_string}\",\"query-input\":\"required name=search_term_string\"}],\"inLanguage\":\"fr-FR\"},{\"@type\":\"ImageObject\",\"@id\":\"http:\/\/www.coherens.com\/#primaryimage\",\"inLanguage\":\"fr-FR\",\"url\":\"http:\/\/www.coherens.com\/wp-content\/uploads\/2018\/03\/Logo-Texte-3-300x300.jpg\"},{\"@type\":\"WebPage\",\"@id\":\"http:\/\/www.coherens.com\/#webpage\",\"url\":\"http:\/\/www.coherens.com\/\",\"name\":\"Accueil - COHeRenS\",\"isPartOf\":{\"@id\":\"https:\/\/www.coherens.com\/#website\"},\"primaryImageOfPage\":{\"@id\":\"http:\/\/www.coherens.com\/#primaryimage\"},\"datePublished\":\"2016-04-07T15:36:35+00:00\",\"dateModified\":\"2020-11-12T14:42:40+00:00\",\"description\":\"leadership et transformation transformation organisationnelle, transformation culturelle, transformation personnelle le leader, son \\u00e9quipe, son organisation\",\"inLanguage\":\"fr-FR\",\"potentialAction\":[{\"@type\":\"ReadAction\",\"target\":[\"http:\/\/www.coherens.com\/\"]}]}]}<\/script>\n<!-- \/ Yoast SEO plugin. -->","_links":{"self":[{"href":"https:\/\/www.coherens.com\/index.php\/wp-json\/wp\/v2\/pages\/101"}],"collection":[{"href":"https:\/\/www.coherens.com\/index.php\/wp-json\/wp\/v2\/pages"}],"about":[{"href":"https:\/\/www.coherens.com\/index.php\/wp-json\/wp\/v2\/types\/page"}],"author":[{"embeddable":true,"href":"https:\/\/www.coherens.com\/index.php\/wp-json\/wp\/v2\/users\/1"}],"replies":[{"embeddable":true,"href":"https:\/\/www.coherens.com\/index.php\/wp-json\/wp\/v2\/comments?post=101"}],"version-history":[{"count":69,"href":"https:\/\/www.coherens.com\/index.php\/wp-json\/wp\/v2\/pages\/101\/revisions"}],"predecessor-version":[{"id":1066,"href":"https:\/\/www.coherens.com\/index.php\/wp-json\/wp\/v2\/pages\/101\/revisions\/1066"}],"wp:attachment":[{"href":"https:\/\/www.coherens.com\/index.php\/wp-json\/wp\/v2\/media?parent=101"}],"curies":[{"name":"wp","href":"https:\/\/api.w.org\/{rel}","templated":true}]}}